{"id":213,"date":"2024-02-07T08:20:03","date_gmt":"2024-02-07T07:20:03","guid":{"rendered":"https:\/\/www.brs-spareparts.com\/\/?page_id=213"},"modified":"2024-03-25T14:01:49","modified_gmt":"2024-03-25T13:01:49","slug":"lazienda","status":"publish","type":"page","link":"https:\/\/www.brs-spareparts.com\/de\/lazienda\/","title":{"rendered":"L&#8217;Azienda"},"content":{"rendered":"<div class=\"wp-block-columns is-layout-flex wp-container-core-columns-is-layout-9d6595d7 wp-block-columns-is-layout-flex\">\n<div class=\"wp-block-column is-layout-flow wp-block-column-is-layout-flow\">\n<h4 class=\"wp-block-heading\"><strong>BRS GROUP<\/strong>&nbsp; dal 1953 garantisce ai suoi clienti un alto livello di supporto nella scelta dei pezzi di ricambio alternativi ed intercambiabili di Alta Qualita&#8217; e Precisione.<\/h4>\n\n\n\n<hr class=\"wp-block-separator has-alpha-channel-opacity\"\/>\n\n\n\n<p>L\u2019elevato know how aziendale, dalla progettazione dello stampo alla produzione del prodotto finito, unitamente alle pi\u00f9 idonee <strong>tecniche di lavorazione con impianti tecnologicamente avanzati <\/strong>e al costante e scrupoloso<strong> controllo qualitativo<\/strong>, garantiscono la qualit\u00e0 dei suoi pezzi di ricambio certificati a norma ISO 9001 : 2015, Societ\u00e0 <strong>Unica in ITALIA<\/strong>!<\/p>\n<\/div>\n\n\n\n<div class=\"wp-block-column is-layout-flow wp-block-column-is-layout-flow\">\n<figure class=\"wp-block-image size-full\"><img loading=\"lazy\" decoding=\"async\" width=\"600\" height=\"457\" src=\"https:\/\/www.brs-spareparts.com\/\/wp-content\/uploads\/2024\/02\/azienda.jpg\" alt=\"\" class=\"wp-image-245\" srcset=\"https:\/\/www.brs-spareparts.com\/wp-content\/uploads\/2024\/02\/azienda.jpg 600w, https:\/\/www.brs-spareparts.com\/wp-content\/uploads\/2024\/02\/azienda-300x229.jpg 300w\" sizes=\"auto, (max-width: 600px) 100vw, 600px\" \/><\/figure>\n<\/div>\n<\/div>\n\n\n\n<p><strong>BRS HIGH FIDELITY SPARE PARTS S.R.L. <\/strong>rivolge una particolare attenzione :<\/p>\n\n\n\n<p><strong><u>Customer Care<\/u><\/strong><\/p>\n\n\n\n<p>Significa dare la massima attenzione ai Clienti, capirne le esigenze e dare tutto il nostro massimo supporto.<\/p>\n\n\n\n<p><strong><u>Affidabilit\u00e0<\/u><\/strong><\/p>\n\n\n\n<p>L\u2019obiettivo \u00e8 di creare rapporti chiari e affidabili con i Clienti per conquistare la fiducia di entrambe le parti.<br>Fare cio&#8217; che avevamo promesso, nei tempi promessi e comunicati .<br>Farlo con i piu&#8217; elevati standard qualitativi!<br>Eseguire la consegna nei tempi richiesti di un prodotto testimonia la nostra organizzazione interna!,<\/p>\n\n\n\n<p><strong><u>Coinvolgimento del personale<\/u><\/strong><\/p>\n\n\n\n<p>ll coinvolgimento dei dipendenti e&#8217; una nostra mission!<br>Richiede la collaborazione di tutti perche&#8217; il personale e&#8217; consapevole del fatto che l&#8217;obiettivo primario e&#8217; la soddisfazione di ogni richiesta del&nbsp; Cliente !<br>Dobbiamo essere in grado di dare anche delle soluzioni alternative!<\/p>\n\n\n\n<p><strong><u>Miglioramento continuo<\/u><\/strong><\/p>\n\n\n\n<p>E\u2019 nostra cura tenere sotto controllo tutto il processo di miglioramento continuo CIP &#8211; Continuous Improvement Process che \u00e8 un metodo di gestione della qualit\u00e0 EN ISO 9001:2015 per ottenere continuamente piccoli miglioramenti nella qualit\u00e0 dei processi, nella qualit\u00e0 dei prodotti, nella capacit\u00e0 di consegna, per eliminare gli sprechi e ridurre i costi.<\/p>","protected":false},"excerpt":{"rendered":"<p>BRS GROUP&nbsp; dal 1953 garantisce ai suoi clienti un alto livello di supporto nella scelta dei pezzi di ricambio alternativi ed intercambiabili di Alta Qualita&#8217; e Precisione. L\u2019elevato know how aziendale, dalla progettazione dello stampo alla produzione del prodotto finito, unitamente alle pi\u00f9 idonee tecniche di lavorazione con impianti tecnologicamente avanzati e al costante e [&hellip;]<\/p>","protected":false},"author":1,"featured_media":0,"parent":0,"menu_order":0,"comment_status":"closed","ping_status":"closed","template":"","meta":{"footnotes":""},"class_list":["post-213","page","type-page","status-publish","hentry"],"acf":[],"_links":{"self":[{"href":"https:\/\/www.brs-spareparts.com\/de\/wp-json\/wp\/v2\/pages\/213","targetHints":{"allow":["GET"]}}],"collection":[{"href":"https:\/\/www.brs-spareparts.com\/de\/wp-json\/wp\/v2\/pages"}],"about":[{"href":"https:\/\/www.brs-spareparts.com\/de\/wp-json\/wp\/v2\/types\/page"}],"author":[{"embeddable":true,"href":"https:\/\/www.brs-spareparts.com\/de\/wp-json\/wp\/v2\/users\/1"}],"replies":[{"embeddable":true,"href":"https:\/\/www.brs-spareparts.com\/de\/wp-json\/wp\/v2\/comments?post=213"}],"version-history":[{"count":10,"href":"https:\/\/www.brs-spareparts.com\/de\/wp-json\/wp\/v2\/pages\/213\/revisions"}],"predecessor-version":[{"id":264,"href":"https:\/\/www.brs-spareparts.com\/de\/wp-json\/wp\/v2\/pages\/213\/revisions\/264"}],"wp:attachment":[{"href":"https:\/\/www.brs-spareparts.com\/de\/wp-json\/wp\/v2\/media?parent=213"}],"curies":[{"name":"wp","href":"https:\/\/api.w.org\/{rel}","templated":true}]}}