{"id":217,"date":"2024-02-07T08:21:54","date_gmt":"2024-02-07T07:21:54","guid":{"rendered":"https:\/\/www.brs-spareparts.com\/\/?page_id=217"},"modified":"2024-03-25T14:05:15","modified_gmt":"2024-03-25T13:05:15","slug":"certificazione-en-iso-14001","status":"publish","type":"page","link":"https:\/\/www.brs-spareparts.com\/de\/certificazione-en-iso-14001\/","title":{"rendered":"Certificazione\u00a0 EN ISO 14001"},"content":{"rendered":"<div class=\"wp-block-columns is-layout-flex wp-container-core-columns-is-layout-9d6595d7 wp-block-columns-is-layout-flex\">\n<div class=\"wp-block-column is-layout-flow wp-block-column-is-layout-flow\" style=\"flex-basis:33.33%\">\n<figure class=\"wp-block-image size-full\"><img loading=\"lazy\" decoding=\"async\" width=\"281\" height=\"245\" src=\"https:\/\/www.brs-spareparts.com\/\/wp-content\/uploads\/2024\/02\/iso14001.png\" alt=\"\" class=\"wp-image-252\"\/><\/figure>\n<\/div>\n\n\n\n<div class=\"wp-block-column is-layout-flow wp-block-column-is-layout-flow\" style=\"flex-basis:66.66%\">\n<p>Il Sistema di Gestione Ambientale che persegue da sempre l\u2019obiettivo primario di minimizzare i rischi per l\u2019ambiente e di portare ad un migliore rendimento ambientale, assicurando la corrispondenza ai requisiti della norma <strong>EN ISO 14001<\/strong>.<\/p>\n\n\n\n<p>Tutti le fasi del ciclo produttivo aziendale che possano comportare degli impatti ambientali anche minimamente significativi sono da considerarsi rischi ambientali.<\/p>\n\n\n\n<p><strong>BRS HIGH FIDELITY SPARE PARTS S.R.L.,<\/strong> sulla base del principio fondante sopraindicato, ha definito il tipo di organizzazione appropriato alla natura, alla dimensione e ai servizi forniti.<\/p>\n\n\n\n<p><strong>BRS HIGH FEDELITY SPARE PARTS S.R.L.<\/strong> \u00e8 costantemente impegnata al continuo miglioramento degli standards qualitativi del sistema organizzativo specifico per la prevenzione dei rischi ambientali.<\/p>\n\n\n\n<p>Per il raggiungimento degli obiettivi definiti nella Politica Ambientale intendiamo sviluppare i seguenti aspetti dell\u2019organizzazione:<\/p>\n<\/div>\n<\/div>\n\n\n\n<ul class=\"wp-block-list\">\n<li>valorizzazione massima dei corsi di formazione interni ed esterni al fine di qualificare e rendere consapevoli gli attori aziendali sugli aspetti ambientali e sulla prevenzione dei rischi che possono generare impatti ambientali negativi;<\/li>\n\n\n\n<li>sviluppo di un programma e di procedure per svolgere periodici audit del Sistema di Gestione Ambientale ad opera di auditor (interni od esterni) che si trovano in una situazione di obiettivit\u00e0 ed imparzialit\u00e0 nei confronti dell\u2019azienda e delle figure aziendali;<\/li>\n\n\n\n<li>sviluppo di un sistema di comunicazione esterna al fine di rendere efficace ed efficiente l\u2019applicazione delle norme ambientali vigenti;<\/li>\n\n\n\n<li>sviluppo di un sistema di comunicazione esterna al fine di rendere efficace ed efficiente l\u2019applicazione delle norme ambientali vigenti;<\/li>\n\n\n\n<li>sviluppo di un sistema di comunicazione esterna al fine di rendere efficace ed efficiente l\u2019applicazione delle norme ambientali vigenti;<\/li>\n\n\n\n<li>l\u2019organizzazione \u00e8 impegnata al costante rispetto di tutte le leggi e regolamenti che sono direttamente correlati agli aspetti ambientali delle sue attivit\u00e0;<\/li>\n\n\n\n<li>miglioramento continuo dell\u2019interfaccia per quanto concerne il flusso di comunicazione interna;<\/li>\n\n\n\n<li>creazione di nuove figure aziendali atte al controllo e coordinamento del sistema di gestione ambientale specificamente istruite e responsabilizzate all\u2019interno del ciclo produttivo;<\/li>\n\n\n\n<li>volont\u00e0 di attingere a risorse informative utilizzando i sistemi mass-mediatici pi\u00f9 evoluti al fine di pianificare la propria Politica di Gestione Ambientale in armonia con le pi\u00f9 moderne strategie globali a carattere ambientale;<\/li>\n\n\n\n<li>l\u2019organizzazione prevede procedure atte a documentare tutti i processi di lavorazione ritenuti pericolosi per l\u2019ambiente e prevede di documentare tutte le possibili risoluzioni per limitare i danni ambientali nonch\u00e9 per ridurre la pericolosit\u00e0 dei rifiuti prodotti;<\/li>\n\n\n\n<li>l\u2019organizzazione prevede procedure atte a conservare le documentazioni prodotte;<\/li>\n\n\n\n<li>l\u2019organizzazione prevede procedure atte a garantire la massima trasparenza dei processi di lavorazione;<\/li>\n\n\n\n<li>l\u2019organizzazione prevede di procedere periodicamente al riesame da parte della Direzione Generale ed alla individuazione del proprio sistema di gestione ambientale allo scopo di identificare le possibili azioni di miglioramento e di attuarle.<\/li>\n<\/ul>\n\n\n\n<p><\/p>","protected":false},"excerpt":{"rendered":"<p>Il Sistema di Gestione Ambientale che persegue da sempre l\u2019obiettivo primario di minimizzare i rischi per l\u2019ambiente e di portare ad un migliore rendimento ambientale, assicurando la corrispondenza ai requisiti della norma EN ISO 14001. Tutti le fasi del ciclo produttivo aziendale che possano comportare degli impatti ambientali anche minimamente significativi sono da considerarsi rischi [&hellip;]<\/p>","protected":false},"author":1,"featured_media":0,"parent":0,"menu_order":0,"comment_status":"closed","ping_status":"closed","template":"","meta":{"footnotes":""},"class_list":["post-217","page","type-page","status-publish","hentry"],"acf":[],"_links":{"self":[{"href":"https:\/\/www.brs-spareparts.com\/de\/wp-json\/wp\/v2\/pages\/217","targetHints":{"allow":["GET"]}}],"collection":[{"href":"https:\/\/www.brs-spareparts.com\/de\/wp-json\/wp\/v2\/pages"}],"about":[{"href":"https:\/\/www.brs-spareparts.com\/de\/wp-json\/wp\/v2\/types\/page"}],"author":[{"embeddable":true,"href":"https:\/\/www.brs-spareparts.com\/de\/wp-json\/wp\/v2\/users\/1"}],"replies":[{"embeddable":true,"href":"https:\/\/www.brs-spareparts.com\/de\/wp-json\/wp\/v2\/comments?post=217"}],"version-history":[{"count":4,"href":"https:\/\/www.brs-spareparts.com\/de\/wp-json\/wp\/v2\/pages\/217\/revisions"}],"predecessor-version":[{"id":266,"href":"https:\/\/www.brs-spareparts.com\/de\/wp-json\/wp\/v2\/pages\/217\/revisions\/266"}],"wp:attachment":[{"href":"https:\/\/www.brs-spareparts.com\/de\/wp-json\/wp\/v2\/media?parent=217"}],"curies":[{"name":"wp","href":"https:\/\/api.w.org\/{rel}","templated":true}]}}