{"id":257,"date":"2024-02-07T10:21:23","date_gmt":"2024-02-07T09:21:23","guid":{"rendered":"https:\/\/www.brs-spareparts.com\/\/?page_id=257"},"modified":"2024-02-07T10:21:23","modified_gmt":"2024-02-07T09:21:23","slug":"condizioni-di-vendita","status":"publish","type":"page","link":"https:\/\/www.brs-spareparts.com\/de\/condizioni-di-vendita\/","title":{"rendered":"Condizioni di vendita"},"content":{"rendered":"<h4 class=\"wp-block-heading\">Ordini<\/h4>\n\n\n\n<p>Gli ordini pervenuti si intendono validi solo a titolo di prenotazione e non impegnano\u00a0<strong>BRS HIGH FEDELITY SPARE PARTS S.R.L.\u00a0\u00a0<\/strong>alla consegna, sia totale che parziale. Non saranno evasi ordini di importo netto inferiore a\u00a0<strong>EURO 500,00<\/strong>\u00a0o di pari controvalore in divisa estera, negli altri Stati. In deroga a quanto sopra, \u00e8 prevista l\u2019evasione di pi\u00f9 ordini, anche di importo inferiore, purch\u00e9 cumulandoli nel mese commerciale, si raggiunga l\u2019importo minimo fatturabile precedentemente descritto. Tuttavia, in casi eccezionali dove non sia possibile raggiungere il minimo fatturabile, previo accordi con il nostro ufficio commerciale, verranno accettati ordini anche di importo inferiore.<\/p>\n\n\n\n<h4 class=\"wp-block-heading\">Imballaggio e consegna<\/h4>\n\n\n\n<p>I termini di consegna pattuiti sono indicativi e non impegnativi. In nessun caso e per nessun motivo\u00a0<strong>BRS HIGH FEDELITY SPARE PARTS S.R.L.<\/strong>, \u00e8 tenuta a corrispondere qualsiasi indennizzo per eventuali danni diretti e indiretti dovuti a ritardi di consegna. In mancanza di precise istruzioni descritte negli ordini, l\u2019imballo verr\u00e0 effettuato in scatole di cartone o sacchetti di plastica tipo standard, senza ulteriori addebiti di costi. Nel caso siano richiesti imballi diversi da come precedentemente descritti (non standard), essi saranno preventivati ed aggiunti al totale dell\u2019ordine.<\/p>\n\n\n\n<h4 class=\"wp-block-heading\">Trasporti e spedizioni<\/h4>\n\n\n\n<p>La merce viene spedita: \u201c<strong>FRANCO FABBRICA<\/strong>\u201d e viaggia a rischio e pericolo del committente, anche se venduta franco destino. In nessun caso e per nessun motivo \u00e8 previsto qualsiasi indennizzo per eventuali danni diretti e indiretti, dovuti a ritardi di consegna. In mancanza di precise istruzioni, le spedizioni verranno effettuate col mezzo ritenuto pi\u00f9 opportuno, senza che ci\u00f2 possa dar luogo a reclami.<\/p>\n\n\n\n<h4 class=\"wp-block-heading\">Reclami e resi<\/h4>\n\n\n\n<p>Non si accetta merce di ritorno senza autorizzazione preventivamente accordata dall\u2019ufficio commerciale. In base agli usi consolidati, non potranno essere prese in considerazione richieste di resi di materiale, la cui consegna risalga a 30 giorni prima della richiesta di restituzione, o di materiale fuori dai nostri cataloghi ufficiali.<br>Trascorsi 8 giorni dalla data di ricevimento merce (data di DDT) non saranno accettati reclami di qualsiasi tipo.<\/p>\n\n\n\n<h4 class=\"wp-block-heading\">Fatturazione e pagamento<\/h4>\n\n\n\n<p>La merce rimane di nostra proprieta\u2019 sino al totale pagamento della stessa. Le modalit\u00e0 di pagamento sono quelle pattuite e riportate in fattura. Trascorse le scadenze convenute,\u00a0<strong>BRS HIGH FEDELITY SPARE PARTS S.R.L.<\/strong>\u00a0applicher\u00e0 d\u2019ufficio gli interessi di mora, in misura pari al \u201dprime rate\u201d in vigore, maggiorato dell\u20191% e a sospendere l\u2019evasione di eventuali ordini in corso.<br>Le fatture si intendono integralmente accettate, ove non siano respinte entro 5 giorni dal loro ricevimento<\/p>\n\n\n\n<h4 class=\"wp-block-heading\">Stampi, dime ed attrezzature varie<\/h4>\n\n\n\n<p>Gli stampi e le attrezzature rimangono di propriet\u00e0 di\u00a0<strong>BRS HIGH FEDELITY SPARE PARTS S.R.L.<\/strong>, fino al totale pagamento degli stessi.<\/p>\n\n\n\n<h4 class=\"wp-block-heading\">Controversie e note<\/h4>\n\n\n\n<p>Tutti i disegni, fotografie, dati tecnici riportati nei cataloghi, brochure, siti internet e pubblicazioni, sono da ritenersi puramente indicativi e non impegnativi.\u00a0<strong>BRS HIGH FEDELITY SPARE PARTS S.R.L.<\/strong>\u00a0si riserva il diritto di apportare ai propri cataloghi e ai propri prodotti, in qualunque momento e senza nessun preavviso, tutte le modifiche che, a suo insindacabile giudizio, riterr\u00e0 convenienti ai fini produttivi o utili a migliorarne la qualit\u00e0, la funzionalit\u00e0 e le prestazioni.<br>Per qualsiasi controversia si applicher\u00e0 la legge italiana e sar\u00e0 competente il foro di BRESCIA \u2013 Italia<\/p>","protected":false},"excerpt":{"rendered":"<p>Ordini Gli ordini pervenuti si intendono validi solo a titolo di prenotazione e non impegnano\u00a0BRS HIGH FEDELITY SPARE PARTS S.R.L.\u00a0\u00a0alla consegna, sia totale che parziale. Non saranno evasi ordini di importo netto inferiore a\u00a0EURO 500,00\u00a0o di pari controvalore in divisa estera, negli altri Stati. In deroga a quanto sopra, \u00e8 prevista l\u2019evasione di pi\u00f9 ordini, [&hellip;]<\/p>","protected":false},"author":1,"featured_media":0,"parent":0,"menu_order":0,"comment_status":"closed","ping_status":"closed","template":"","meta":{"footnotes":""},"class_list":["post-257","page","type-page","status-publish","hentry"],"acf":[],"_links":{"self":[{"href":"https:\/\/www.brs-spareparts.com\/de\/wp-json\/wp\/v2\/pages\/257","targetHints":{"allow":["GET"]}}],"collection":[{"href":"https:\/\/www.brs-spareparts.com\/de\/wp-json\/wp\/v2\/pages"}],"about":[{"href":"https:\/\/www.brs-spareparts.com\/de\/wp-json\/wp\/v2\/types\/page"}],"author":[{"embeddable":true,"href":"https:\/\/www.brs-spareparts.com\/de\/wp-json\/wp\/v2\/users\/1"}],"replies":[{"embeddable":true,"href":"https:\/\/www.brs-spareparts.com\/de\/wp-json\/wp\/v2\/comments?post=257"}],"version-history":[{"count":1,"href":"https:\/\/www.brs-spareparts.com\/de\/wp-json\/wp\/v2\/pages\/257\/revisions"}],"predecessor-version":[{"id":258,"href":"https:\/\/www.brs-spareparts.com\/de\/wp-json\/wp\/v2\/pages\/257\/revisions\/258"}],"wp:attachment":[{"href":"https:\/\/www.brs-spareparts.com\/de\/wp-json\/wp\/v2\/media?parent=257"}],"curies":[{"name":"wp","href":"https:\/\/api.w.org\/{rel}","templated":true}]}}