{"id":3,"date":"2024-01-26T22:30:44","date_gmt":"2024-01-26T21:30:44","guid":{"rendered":"https:\/\/www.brs-spareparts.com\/\/?page_id=3"},"modified":"2024-02-07T10:39:00","modified_gmt":"2024-02-07T09:39:00","slug":"privacy-policy","status":"publish","type":"page","link":"https:\/\/www.brs-spareparts.com\/en\/privacy-policy\/","title":{"rendered":"Privacy &amp; Copyright"},"content":{"rendered":"<h2 class=\"wp-block-heading\">Informativa sul trattamento dei dati personali<\/h2>\n\n\n\n<p>Desideriamo informarLa che i Suoi dati personali \u2013 raccolti direttamente presso di Lei \u2013 non saranno mai ceduti o distribuiti a terzi ma utilizzati da parte di&nbsp;<strong>B.R.S. HIGH FIDELITY SPARE PARTS S.r.l.<\/strong><strong>&nbsp;<\/strong>nel pieno rispetto dei principi fondamentali, dettati dalla direttiva 95\/46\/CE e dal D.Lgs. 30 giugno 2003 N\u00b0196 per la protezione dei dati personali.<\/p>\n\n\n\n<p><strong>OPERAZIONI DI TRATTAMENTO DEI DATI PERSONALI E RELATIVI SCOPI<\/strong><br>Di seguito, Le riepiloghiamo tutte le operazioni da noi svolte che implicano raccolta, conservazione od elaborazione dei Suoi dati personali, e gli scopi che perseguiamo con ciascuna di esse.<br>I) raccolta e conservazione dei Suoi dati personali al fine dell\u2019invio, per posta elettronica, delle informative commerciali;<br>II) elaborazione dei dati personali da Lei forniti allo scopo di definire il Suo profilo commerciale;<br>III) utilizzo del Suo profilo commerciale per finalit\u00e0 di marketing e promozionali di suo interesse;<\/p>\n\n\n\n<p><strong>MODALITA\u2019 DEL TRATTAMENTO<\/strong><br>Il trattamento avverr\u00e0 con modalit\u00e0 totalmente automatizzate.<br><strong>B.R.S. HIGH FIDELITY SPARE PARTS S.r.l.<\/strong>, mediante il sistema di trattamento dei dati assicura e garantisce che le informazioni trattate non comprendono argomenti riguardanti dati sensibili ai sensi dell\u2019art. 95\/46\/CE e dal D.Lgs. 30 giugno 2003 N\u00b0196. Pertanto verr\u00e0 escluso a priori ogni trattamento che possa riguardare direttamente o indirettamente dati sensibili.<\/p>\n\n\n\n<p><strong>LIBERTA\u2019 DI RILASCIARE IL CONSENSO E CONSEGUENZE DI UN RIFIUTO<\/strong><br>Il conferimento dei Suoi dati \u00e8 facoltativo. Tuttavia, in caso di rifiuto del consenso per gli scopi indicati, ci troveremo nell\u2019impossibilit\u00e0 di erogarLe i servizi di informazione per i quali il consenso viene richiesto.<\/p>\n\n\n\n<p><strong>TITOLARE E RESPONSABILE DEL TRATTAMENTO<\/strong><br>Titolare del trattamento \u00e8&nbsp;<strong>B.R.S. HIGH FIDELITY SPARE PARTS S.r.l.<\/strong>,&nbsp;con sede in Via Santissima Trinit\u00e0,12, I \u2013 25032 Chiari (BS) \u2013 Italia.&nbsp;Responsabili del trattamento dei dati personali sono i funzionari e i soggetti addetti alla gestione dei database, in relazione al rispettivo settore di competenza.<\/p>\n\n\n\n<p><strong>DIRITTI DELL\u2019INTERESSATO<br><\/strong>La informiamo inoltre che ogni interessato pu\u00f2 esercitare i diritti di cui all\u2019art.7 del D.Lgs. 30 giugno 2003 N\u00b0196 che di seguito riassumiamo:<\/p>\n\n\n\n<p>(Diritto di accesso ai dati personali ed altri diritti)<br><strong>I<\/strong>&nbsp;L\u2019interessato ha diritto di ottenere la conferma dell\u2019esistenza o meno di dati personali che lo riguardano, anche se non ancora registrati, e la loro comunicazione in forma intelligibile.<br><strong>II<\/strong>&nbsp;L\u2019interessato ha diritto di ottenere l\u2019indicazione:<br>A) dell\u2019origine dei dati personali;<br>B) delle finalit\u00e0 e modalit\u00e0 del trattamento;<br>C) della logica applicata in caso di trattamento effettuato con l\u2019ausilio di strumenti elettronici;<br>D) degli estremi identificativi del titolare, dei responsabili e del rappresentante designato ai sensi dell\u2019articolo 5, comma 2;<br>E) dei soggetti o delle categorie di soggetti ai quali i dati personali possono essere comunicati o che possono venirne a conoscenza in qualit\u00e0 di rappresentante designato nel territorio dello Stato, di responsabili o incaricati.<br><strong>III<\/strong>&nbsp;L\u2019interessato ha diritto di ottenere:<br>A) l\u2019aggiornamento, la rettificazione ovvero, quando vi ha interesse, l\u2019integrazione dei dati;<br>B) la cancellazione, la trasformazione in forma anonima o il blocco dei dati trattati in violazione di legge, compresi quelli di cui non \u00e8 necessaria la conservazione in relazione agli scopi per i quali i dati sono stati raccolti o successivamente trattati;<br>C) l\u2019attestazione che le operazioni di cui alle lettere a) e b) sono state portate a conoscenza, anche per quanto riguarda il loro contenuto, di coloro ai quali i dati sono stati comunicati o diffusi, eccettuato il caso in cui tale adempimento si rivela impossibile o comporta un impiego di mezzi manifestamente sproporzionato rispetto al diritto tutelato.<br><strong>IV<\/strong>&nbsp;L\u2019interessato ha diritto di opporsi, in tutto o in parte:<br>A) per motivi legittimi al trattamento dei dati personali che lo riguardano, ancorch\u00e9 pertinenti allo scopo della raccolta;<br>B) al trattamento di dati personali che lo riguardano a fini di invio di materiale pubblicitario o di vendita diretta o per il compimento di ricerche di mercato o di comunicazione commerciale.<\/p>\n\n\n\n<p>Per esercitare i diritti previsti all\u2019art.7 del D.Lgs. 30 giugno 2003 N\u00b0196 e sopra riassunti il Cliente dovr\u00e0 rivolgere richiesta scritta indirizzata a:<\/p>\n\n\n\n<p><strong>B.R.S. HIGH FIDELITY SPARE PARTS S.r.l.<br><\/strong><strong>Via Santissima Trinit\u00e0, 12<br>I \u2013 25032 Chiari (BS)- Italy<\/strong><\/p>\n\n\n\n<h2 class=\"wp-block-heading\"><\/h2>\n\n\n\n<h2 class=\"wp-block-heading\">Copyright e diritto d\u2019autore<\/h2>\n\n\n\n<p>Il contenuto di questo sito (tra cui ma non solo, il testo, i loghi, le icone, le immagini, le elaborazioni grafiche, i suoni, i programmi per elaboratore, le banche dati cos\u00ec come le modalit\u00e0 di rpesentazione dei contenuti (layout grafico)&nbsp;<strong>sono di esclusiva propriet\u00e0 di B.R.S. HIGH FIDELITY SPARE PARTS S.r.l. e sono protetti dalle leggi internazionali ed italiane a tutela del diritto d\u2019autore.<\/strong><\/p>\n\n\n\n<p>Il sito \u00e8 di esclusiva propriet\u00e0 di&nbsp;<strong>B.R.S. HIGH FIDELITY SPARE PARTS S.r.l.<\/strong>, che ne detiene i diritti.<br><strong>E\u2019 espressamente vietata<\/strong>&nbsp;la copia, la duplicazione totale e\/o in parte del layout, del codice sorgente, degli elementi grafici, dei contenuti scaricabili e dei testi, in qualsiasi forma (elettronica, cartecea e non) senza l\u2019approvazione scritta di&nbsp;<strong>B.R.S. HIGH FIDELITY SPARE PARTS S.r.l.<\/strong>.<br>Eventuali abusi saranno denunciati e puniti a norma di legge.<\/p>\n\n\n\n<h2 class=\"wp-block-heading\"><\/h2>\n\n\n\n<h2 class=\"wp-block-heading\">Termini d\u2019uso e limitazioni legali<\/h2>\n\n\n\n<p><strong>Uso del sito.<br><\/strong><strong>B.R.S. HIGH FIDELITY SPARE PARTS S.r.l.<\/strong>&nbsp;vi autorizza a vedere e scaricare il materiale da questo sito Web solo per scopi personali e non a scopi commerciali, mantenendo i simboli di copyright e le note di propriet\u00e0 su queste pagine ed in eventuali copie.<br>Vi impegnate a non modificare in nessun modo il materiale di questo sito, a non esporlo, distribuirlo, riprodurlo e comunque a non usarlo per fini commerciali.<br>Il materiale di questo sito \u00e8 protetto da diritti d\u2019autore e l\u2019uso non autorizzato di qualsiasi documento pu\u00f2 violare le leggi sui diritti d\u2019autore.<br>L\u2019inosservanza di queste condizioni interromper\u00e0 automaticamente la vostra autorizzazione all\u2019uso di questo sito costringendovi a distruggere immediatamente qualsiasi materiale scaricato.<\/p>\n\n\n\n<p><strong>Collegamenti ad altri Siti Web.<br><\/strong>I collegamenti ad altri siti Web da queste pagine, sono forniti solo ed unicamente per vostra comodit\u00e0.<br>Se usate questi collegamenti abbandonerete questo sito.&nbsp;<strong>B.R.S. HIGH FIDELITY SPARE PARTS S.r.l.<\/strong>&nbsp;non controlla e non \u00e8 responsabile di questi siti e dei loro contenuti.<br>Inoltre&nbsp;<strong>B.R.S. HIGH FIDELITY SPARE PARTS S.r.l.<\/strong>&nbsp;non li avvalla, non effettua alcuna forma di rappresentanza nei loro confronti e di qualsiasi informazione, programma (software), prodotto o materiale trovato in essi, od alcun risultato che pu\u00f2 derivare dall\u2019uso di essi.<br>Se decidete di accedere ad altri siti Web collegati a questo sito, lo fate interamente a vostro rischio e sotto la vostra responsabilit\u00e0.<\/p>\n\n\n\n<p><strong>L\u2019utilizzo di questo sito implica l\u2019implicita accettazione delle norme di utilizzo qui espresse.<\/strong><\/p>","protected":false},"excerpt":{"rendered":"<p>Informativa sul trattamento dei dati personali Desideriamo informarLa che i Suoi dati personali \u2013 raccolti direttamente presso di Lei \u2013 non saranno mai ceduti o distribuiti a terzi ma utilizzati da parte di&nbsp;B.R.S. HIGH FIDELITY SPARE PARTS S.r.l.&nbsp;nel pieno rispetto dei principi fondamentali, dettati dalla direttiva 95\/46\/CE e dal D.Lgs. 30 giugno 2003 N\u00b0196 per [&hellip;]<\/p>","protected":false},"author":1,"featured_media":0,"parent":0,"menu_order":0,"comment_status":"closed","ping_status":"open","template":"","meta":{"footnotes":""},"class_list":["post-3","page","type-page","status-publish","hentry"],"acf":[],"_links":{"self":[{"href":"https:\/\/www.brs-spareparts.com\/en\/wp-json\/wp\/v2\/pages\/3","targetHints":{"allow":["GET"]}}],"collection":[{"href":"https:\/\/www.brs-spareparts.com\/en\/wp-json\/wp\/v2\/pages"}],"about":[{"href":"https:\/\/www.brs-spareparts.com\/en\/wp-json\/wp\/v2\/types\/page"}],"author":[{"embeddable":true,"href":"https:\/\/www.brs-spareparts.com\/en\/wp-json\/wp\/v2\/users\/1"}],"replies":[{"embeddable":true,"href":"https:\/\/www.brs-spareparts.com\/en\/wp-json\/wp\/v2\/comments?post=3"}],"version-history":[{"count":1,"href":"https:\/\/www.brs-spareparts.com\/en\/wp-json\/wp\/v2\/pages\/3\/revisions"}],"predecessor-version":[{"id":259,"href":"https:\/\/www.brs-spareparts.com\/en\/wp-json\/wp\/v2\/pages\/3\/revisions\/259"}],"wp:attachment":[{"href":"https:\/\/www.brs-spareparts.com\/en\/wp-json\/wp\/v2\/media?parent=3"}],"curies":[{"name":"wp","href":"https:\/\/api.w.org\/{rel}","templated":true}]}}