{"id":213,"date":"2024-02-07T08:20:03","date_gmt":"2024-02-07T07:20:03","guid":{"rendered":"https:\/\/www.brs-spareparts.com\/\/?page_id=213"},"modified":"2024-03-25T14:01:49","modified_gmt":"2024-03-25T13:01:49","slug":"lazienda","status":"publish","type":"page","link":"https:\/\/www.brs-spareparts.com\/pt\/lazienda\/","title":{"rendered":"A empresa"},"content":{"rendered":"<div class=\"wp-block-columns is-layout-flex wp-container-core-columns-is-layout-9d6595d7 wp-block-columns-is-layout-flex\">\n<div class=\"wp-block-column is-layout-flow wp-block-column-is-layout-flow\">\n<h4 class=\"wp-block-heading\"><strong>BRS GROUP<\/strong>&nbsp; Desde 1953, o GRUPO BRS garante aos seus clientes um alto n\u00edvel de suporte na escolha de pe\u00e7as de reposi\u00e7\u00e3o alternativas e intercambi\u00e1veis \u200b\u200bpara sistemas de pintura de alta tecnologia.<\/h4>\n\n\n\n<hr class=\"wp-block-separator has-alpha-channel-opacity\"\/>\n\n\n\n<p>O elevado know-how da empresa, desde a concep\u00e7\u00e3o do molde at\u00e9 \u00e0 produ\u00e7\u00e3o do produto acabado, aliado \u00e0s t\u00e9cnicas de processamento mais adequadas <strong>com sistemas tecnologicamente avan\u00e7ados <\/strong>e um controlo de qualidade constante e escrupuloso,<strong> e um controlo de qualidade constante e escrupuloso<\/strong>garantem a qualidade das suas pe\u00e7as sobressalentes certificadas em de acordo com ISO 9001:2015, <strong>Empresa \u00danica na IT\u00c1LIA!<\/strong>!<\/p>\n<\/div>\n\n\n\n<div class=\"wp-block-column is-layout-flow wp-block-column-is-layout-flow\">\n<figure class=\"wp-block-image size-full\"><img loading=\"lazy\" decoding=\"async\" width=\"600\" height=\"457\" src=\"https:\/\/www.brs-spareparts.com\/\/wp-content\/uploads\/2024\/02\/azienda.jpg\" alt=\"\" class=\"wp-image-245\" srcset=\"https:\/\/www.brs-spareparts.com\/wp-content\/uploads\/2024\/02\/azienda.jpg 600w, https:\/\/www.brs-spareparts.com\/wp-content\/uploads\/2024\/02\/azienda-300x229.jpg 300w\" sizes=\"auto, (max-width: 600px) 100vw, 600px\" \/><\/figure>\n<\/div>\n<\/div>\n\n\n\n<p><strong>BRS HIGH FIDELITY SPARE PARTS S.R.L. <\/strong>presta especial aten\u00e7\u00e3o a:<\/p>\n\n\n\n<p><strong><u>Servico de atendimento ao Clientes<\/u><\/strong><\/p>\n\n\n\n<p>Significa dar a m\u00e1xima aten\u00e7\u00e3o aos clientes, compreender as suas necessidades e dar o nosso m\u00e1ximo apoio.<\/p>\n\n\n\n<p><strong><u>Confiabilidade<\/u><\/strong><\/p>\n\n\n\n<p>O objetivo \u00e9 criar relacionamentos claros e confi\u00e1veis \u200b\u200bcom os clientes para conquistar a confian\u00e7a de ambas as partes.<br>Fazer o que prometemos, dentro dos prazos prometidos e comunicados.<br>Fa\u00e7a isso com os mais altos padr\u00f5es de qualidade!<br>Entregar um produto dentro dos prazos exigidos demonstra nossa organiza\u00e7\u00e3o interna!,<\/p>\n\n\n\n<p><strong><u>Envolvimento da equipe<\/u><\/strong><\/p>\n\n\n\n<p>O envolvimento dos colaboradores \u00e9 a nossa miss\u00e3o!<br>Requer a colabora\u00e7\u00e3o de todos porque a equipe est\u00e1 ciente do fato que o objetivo principal \u00e9 a satisfa\u00e7\u00e3o de cada solicita\u00e7\u00e3o do cliente!<br>Tamb\u00e9m devemos ser capazes de fornecer solu\u00e7\u00f5es alternativas!<\/p>\n\n\n\n<p><strong><u>Melhoria continua<\/u><\/strong><\/p>\n\n\n\n<p>\u00c9 nossa responsabilidade manter todo o processo de melhoria cont\u00ednua sob controle\nCIP - Continuous Improvement Process que \u00e9 um m\u00e9todo de gest\u00e3o de qualidade EN ISO 9001:2015 para obter continuamente pequenas melhorias na qualidade do processo, qualidade do produto e\ncapacidade de entrega , para eliminar desperd\u00edcios e reduzir custos.<\/p>","protected":false},"excerpt":{"rendered":"<p>BRS GROUP&nbsp; dal 1953 garantisce ai suoi clienti un alto livello di supporto nella scelta dei pezzi di ricambio alternativi ed intercambiabili di Alta Qualita&#8217; e Precisione. L\u2019elevato know how aziendale, dalla progettazione dello stampo alla produzione del prodotto finito, unitamente alle pi\u00f9 idonee tecniche di lavorazione con impianti tecnologicamente avanzati e al costante e [&hellip;]<\/p>","protected":false},"author":1,"featured_media":0,"parent":0,"menu_order":0,"comment_status":"closed","ping_status":"closed","template":"","meta":{"footnotes":""},"class_list":["post-213","page","type-page","status-publish","hentry"],"acf":[],"_links":{"self":[{"href":"https:\/\/www.brs-spareparts.com\/pt\/wp-json\/wp\/v2\/pages\/213","targetHints":{"allow":["GET"]}}],"collection":[{"href":"https:\/\/www.brs-spareparts.com\/pt\/wp-json\/wp\/v2\/pages"}],"about":[{"href":"https:\/\/www.brs-spareparts.com\/pt\/wp-json\/wp\/v2\/types\/page"}],"author":[{"embeddable":true,"href":"https:\/\/www.brs-spareparts.com\/pt\/wp-json\/wp\/v2\/users\/1"}],"replies":[{"embeddable":true,"href":"https:\/\/www.brs-spareparts.com\/pt\/wp-json\/wp\/v2\/comments?post=213"}],"version-history":[{"count":10,"href":"https:\/\/www.brs-spareparts.com\/pt\/wp-json\/wp\/v2\/pages\/213\/revisions"}],"predecessor-version":[{"id":264,"href":"https:\/\/www.brs-spareparts.com\/pt\/wp-json\/wp\/v2\/pages\/213\/revisions\/264"}],"wp:attachment":[{"href":"https:\/\/www.brs-spareparts.com\/pt\/wp-json\/wp\/v2\/media?parent=213"}],"curies":[{"name":"wp","href":"https:\/\/api.w.org\/{rel}","templated":true}]}}