{"id":215,"date":"2024-02-07T08:21:05","date_gmt":"2024-02-07T07:21:05","guid":{"rendered":"https:\/\/www.brs-spareparts.com\/\/?page_id=215"},"modified":"2024-03-25T14:05:56","modified_gmt":"2024-03-25T13:05:56","slug":"certificazione-en-iso-45001","status":"publish","type":"page","link":"https:\/\/www.brs-spareparts.com\/pt\/certificazione-en-iso-45001\/","title":{"rendered":"Certifica\u00e7\u00e3o EN ISO 45001"},"content":{"rendered":"<div class=\"wp-block-columns is-layout-flex wp-container-core-columns-is-layout-9d6595d7 wp-block-columns-is-layout-flex\">\n<div class=\"wp-block-column is-layout-flow wp-block-column-is-layout-flow\" style=\"flex-basis:33.33%\">\n<figure class=\"wp-block-image size-full\"><img loading=\"lazy\" decoding=\"async\" width=\"400\" height=\"370\" src=\"https:\/\/www.brs-spareparts.com\/\/wp-content\/uploads\/2024\/02\/iso-45001-normativa-600x555-400x370-1.jpg\" alt=\"\" class=\"wp-image-250\" srcset=\"https:\/\/www.brs-spareparts.com\/wp-content\/uploads\/2024\/02\/iso-45001-normativa-600x555-400x370-1.jpg 400w, https:\/\/www.brs-spareparts.com\/wp-content\/uploads\/2024\/02\/iso-45001-normativa-600x555-400x370-1-300x278.jpg 300w\" sizes=\"auto, (max-width: 400px) 100vw, 400px\" \/><\/figure>\n<\/div>\n\n\n\n<div class=\"wp-block-column is-layout-flow wp-block-column-is-layout-flow\" style=\"flex-basis:66.66%\">\n<p>A <strong>Certifica\u00e7\u00e3o EN ISO 45001<\/strong> foi implementada pela nossa empresa <strong>BRS HIGH FIDELITY SPARE PARTS S.R.L.<\/strong> como um objetivo a favor da Seguran\u00e7a e Sa\u00fade dos nossos Trabalhadores, de acordo com o disposto na regulamenta\u00e7\u00e3o em vigor e com base\nos perigos e riscos presentes no local de trabalho.<\/p>\n\n\n\n<p>Nossa empresa <strong>BRS HIGH FIDELITY SPARE PARTS S.R.L.<\/strong> sempre procurado:<\/p>\n\n\n\n<p>Implementar um Sistema de Gest\u00e3o de Sa\u00fade e Seguran\u00e7a do Trabalhador, a fim proteger todos aqueles que est\u00e3o expostos a riscos de sa\u00fade e seguran\u00e7a no desempenho das respectivas tarefas atribu\u00eddas <\/p>\n\n\n\n<p>Implementar, gerenciar e melhorar um Sistema de Gest\u00e3o de Sa\u00fade e Seguran\u00e7a do Trabalhador.<\/p>\n\n\n\n<p>Garanta a conformidade com as disposi\u00e7\u00f5es do seu sistema de gest\u00e3o de sa\u00fade e seguran\u00e7a do trabalhador e demonstrar sua conformidade e validade a todos.<\/p>\n\n\n\n<p>Certifique seu Sistema de Gest\u00e3o de Sa\u00fade e Seguran\u00e7a do Trabalhador EN ISO 45001 com uma organiza\u00e7\u00e3o independente.<\/p>\n\n\n\n<p>Os requisitos da norma EN ISO 45001 devem ser integralmente aplicados no nosso Sistema de Gest\u00e3o de Sa\u00fade e Seguran\u00e7a do Trabalhador.<\/p>\n<\/div>\n<\/div>","protected":false},"excerpt":{"rendered":"<p>La Certificazione EN ISO 45001 e\u2019 stata implementata dalla nostra azienda BRS HIGH FIDELITY SPARE PARTS S.R.L. come obiettivo a favore della Sicurezza e della Salute dei nostri Lavoratori , secondo quanto previsto dalle normative vigenti e in base ai pericoli ed ai rischi presenti sul posto di lavoro. La nostra azienda BRS HIGH FIDELITY [&hellip;]<\/p>","protected":false},"author":1,"featured_media":0,"parent":0,"menu_order":0,"comment_status":"closed","ping_status":"closed","template":"","meta":{"footnotes":""},"class_list":["post-215","page","type-page","status-publish","hentry"],"acf":[],"_links":{"self":[{"href":"https:\/\/www.brs-spareparts.com\/pt\/wp-json\/wp\/v2\/pages\/215","targetHints":{"allow":["GET"]}}],"collection":[{"href":"https:\/\/www.brs-spareparts.com\/pt\/wp-json\/wp\/v2\/pages"}],"about":[{"href":"https:\/\/www.brs-spareparts.com\/pt\/wp-json\/wp\/v2\/types\/page"}],"author":[{"embeddable":true,"href":"https:\/\/www.brs-spareparts.com\/pt\/wp-json\/wp\/v2\/users\/1"}],"replies":[{"embeddable":true,"href":"https:\/\/www.brs-spareparts.com\/pt\/wp-json\/wp\/v2\/comments?post=215"}],"version-history":[{"count":3,"href":"https:\/\/www.brs-spareparts.com\/pt\/wp-json\/wp\/v2\/pages\/215\/revisions"}],"predecessor-version":[{"id":267,"href":"https:\/\/www.brs-spareparts.com\/pt\/wp-json\/wp\/v2\/pages\/215\/revisions\/267"}],"wp:attachment":[{"href":"https:\/\/www.brs-spareparts.com\/pt\/wp-json\/wp\/v2\/media?parent=215"}],"curies":[{"name":"wp","href":"https:\/\/api.w.org\/{rel}","templated":true}]}}