{"id":217,"date":"2024-02-07T08:21:54","date_gmt":"2024-02-07T07:21:54","guid":{"rendered":"https:\/\/www.brs-spareparts.com\/\/?page_id=217"},"modified":"2024-03-25T14:05:15","modified_gmt":"2024-03-25T13:05:15","slug":"certificazione-en-iso-14001","status":"publish","type":"page","link":"https:\/\/www.brs-spareparts.com\/pt\/certificazione-en-iso-14001\/","title":{"rendered":"Certifica\u00e7\u00e3o EN ISO 14001"},"content":{"rendered":"<div class=\"wp-block-columns is-layout-flex wp-container-core-columns-is-layout-9d6595d7 wp-block-columns-is-layout-flex\">\n<div class=\"wp-block-column is-layout-flow wp-block-column-is-layout-flow\" style=\"flex-basis:33.33%\">\n<figure class=\"wp-block-image size-full\"><img loading=\"lazy\" decoding=\"async\" width=\"281\" height=\"245\" src=\"https:\/\/www.brs-spareparts.com\/\/wp-content\/uploads\/2024\/02\/iso14001.png\" alt=\"\" class=\"wp-image-252\"\/><\/figure>\n<\/div>\n\n\n\n<div class=\"wp-block-column is-layout-flow wp-block-column-is-layout-flow\" style=\"flex-basis:66.66%\">\n<p>O Sistema de Gest\u00e3o Ambiental que sempre teve como objectivo primordial  minimizar os riscos para o ambiente e conduzir a um melhor desempenho ambiental, garantindo o cumprimento dos requisitos da norma <strong>EN ISO 14001<\/strong>.<\/p>\n\n\n\n<p>Todas as fases do ciclo produtivo da empresa que possam resultar em impactos ambientais ainda que minimamente significativos devem ser consideradas riscos ambientais.<\/p>\n\n\n\n<p><strong>BRS HIGH FIDELITY SPARE PARTS S.R.L.,<\/strong> com base no princ\u00edpio fundador acima mencionado, definiu o tipo de organiza\u00e7\u00e3o adequada \u00e0 natureza, tamanho e servi\u00e7os prestados.<\/p>\n\n\n\n<p><strong>BRS HIGH FEDELITY SPARE PARTS S.R.L.<\/strong> est\u00e1 constantemente comprometida com a melhoria cont\u00ednua dos padr\u00f5es de qualidade do sistema organizacional espec\u00edfico de preven\u00e7\u00e3o de riscos ambientais.<\/p>\n\n\n\n<p>Para atingir os objetivos definidos na Pol\u00edtica Ambiental pretendemos desenvolver as seguintes vertentes da organiza\u00e7\u00e3o:<\/p>\n<\/div>\n<\/div>\n\n\n\n<ul class=\"wp-block-list\">\n<li>valoriza\u00e7\u00e3o m\u00e1xima de a\u00e7\u00f5es de forma\u00e7\u00e3o internas e externas, de forma a capacitar e sensibilizar os stakeholders da empresa para os aspetos ambientais e para a preven\u00e7\u00e3o de riscos que possam gerar impactes ambientais negativos<\/li>\n\n\n\n<li>desenvolvimento de um programa e procedimentos para a realiza\u00e7\u00e3o de auditorias peri\u00f3dicas ao Sistema de Gest\u00e3o Ambiental por auditores (internos ou externos) que se encontrem numa situa\u00e7\u00e3o de objectividade e imparcialidade perante a empresa e figuras sociais<\/li>\n\n\n\n<li>desenvolvimento de um sistema de comunica\u00e7\u00e3o externa para tornar eficaz e eficiente a aplica\u00e7\u00e3o da regulamenta\u00e7\u00e3o ambiental vigente<\/li>\n\n\n\n<li>desenvolvimento de um sistema de comunica\u00e7\u00e3o externa para tornar eficaz e eficiente a aplica\u00e7\u00e3o da regulamenta\u00e7\u00e3o ambiental vigente<\/li>\n\n\n\n<li>desenvolvimento de um sistema de comunica\u00e7\u00e3o externa para tornar eficaz e eficiente a aplica\u00e7\u00e3o da regulamenta\u00e7\u00e3o ambiental vigente<\/li>\n\n\n\n<li>a organiza\u00e7\u00e3o est\u00e1 comprometida com o cumprimento constante de todas as leis e regulamentos que estejam diretamente relacionados aos aspectos ambientais de suas atividades<\/li>\n\n\n\n<li>melhoria cont\u00ednua da interface quanto ao fluxo de comunica\u00e7\u00e3o interna<\/li>\n\n\n\n<li>cria\u00e7\u00e3o de novas personalidades corporativas capazes de controlar e coordenar o sistema de gest\u00e3o ambiental, especificamente treinadas e capacitadas dentro do ciclo produtivo<\/li>\n\n\n\n<li>desejo de recorrer a recursos de informa\u00e7\u00e3o utilizando os mais avan\u00e7ados sistemas de comunica\u00e7\u00e3o social para planear a sua pr\u00f3pria Pol\u00edtica de Gest\u00e3o Ambiental em harmonia com as mais modernas estrat\u00e9gias ambientais globais<\/li>\n\n\n\n<li>a organiza\u00e7\u00e3o fornece procedimentos destinados a documentar todos os processos de  fabrico considerados perigosos para o ambiente e planeia documentar todas as resolu\u00e7\u00f5es poss\u00edveis para limitar os danos ambientais, bem como para reduzir a periculosidade dos res\u00edduos produzidos<\/li>\n\n\n\n<li>a organiza\u00e7\u00e3o fornece procedimentos para preservar a documenta\u00e7\u00e3o produzida<\/li>\n\n\n\n<li>a organiza\u00e7\u00e3o disp\u00f5e de procedimentos que visam garantir a m\u00e1xima transpar\u00eancia dos processos de fabrica\u00e7\u00e3o<\/li>\n\n\n\n<li>a organiza\u00e7\u00e3o pretende proceder periodicamente \u00e0 revis\u00e3o pela Dire\u00e7\u00e3o Geral e \u00e0 identifica\u00e7\u00e3o do seu sistema de gest\u00e3o ambiental, a fim de identificar poss\u00edveis a\u00e7\u00f5es de melhoria e implement\u00e1-las.<\/li>\n<\/ul>\n\n\n\n<p><\/p>","protected":false},"excerpt":{"rendered":"<p>Il Sistema di Gestione Ambientale che persegue da sempre l\u2019obiettivo primario di minimizzare i rischi per l\u2019ambiente e di portare ad un migliore rendimento ambientale, assicurando la corrispondenza ai requisiti della norma EN ISO 14001. Tutti le fasi del ciclo produttivo aziendale che possano comportare degli impatti ambientali anche minimamente significativi sono da considerarsi rischi [&hellip;]<\/p>","protected":false},"author":1,"featured_media":0,"parent":0,"menu_order":0,"comment_status":"closed","ping_status":"closed","template":"","meta":{"footnotes":""},"class_list":["post-217","page","type-page","status-publish","hentry"],"acf":[],"_links":{"self":[{"href":"https:\/\/www.brs-spareparts.com\/pt\/wp-json\/wp\/v2\/pages\/217","targetHints":{"allow":["GET"]}}],"collection":[{"href":"https:\/\/www.brs-spareparts.com\/pt\/wp-json\/wp\/v2\/pages"}],"about":[{"href":"https:\/\/www.brs-spareparts.com\/pt\/wp-json\/wp\/v2\/types\/page"}],"author":[{"embeddable":true,"href":"https:\/\/www.brs-spareparts.com\/pt\/wp-json\/wp\/v2\/users\/1"}],"replies":[{"embeddable":true,"href":"https:\/\/www.brs-spareparts.com\/pt\/wp-json\/wp\/v2\/comments?post=217"}],"version-history":[{"count":4,"href":"https:\/\/www.brs-spareparts.com\/pt\/wp-json\/wp\/v2\/pages\/217\/revisions"}],"predecessor-version":[{"id":266,"href":"https:\/\/www.brs-spareparts.com\/pt\/wp-json\/wp\/v2\/pages\/217\/revisions\/266"}],"wp:attachment":[{"href":"https:\/\/www.brs-spareparts.com\/pt\/wp-json\/wp\/v2\/media?parent=217"}],"curies":[{"name":"wp","href":"https:\/\/api.w.org\/{rel}","templated":true}]}}