{"id":219,"date":"2024-02-07T08:23:41","date_gmt":"2024-02-07T07:23:41","guid":{"rendered":"https:\/\/www.brs-spareparts.com\/\/?page_id=219"},"modified":"2024-03-25T14:58:27","modified_gmt":"2024-03-25T13:58:27","slug":"certificazione-en-iso-90012015","status":"publish","type":"page","link":"https:\/\/www.brs-spareparts.com\/pt\/certificazione-en-iso-90012015\/","title":{"rendered":"Certifica\u00e7\u00e3o EN ISO 9001:2015"},"content":{"rendered":"<div class=\"wp-block-columns is-layout-flex wp-container-core-columns-is-layout-9d6595d7 wp-block-columns-is-layout-flex\">\n<div class=\"wp-block-column is-layout-flow wp-block-column-is-layout-flow\" style=\"flex-basis:33.33%\">\n<figure class=\"wp-block-image size-full\"><img loading=\"lazy\" decoding=\"async\" width=\"150\" height=\"150\" src=\"https:\/\/www.brs-spareparts.com\/wp-content\/uploads\/2024\/03\/brs.png\" alt=\"\" class=\"wp-image-279\"\/><\/figure>\n\n\n\n<figure class=\"wp-block-image size-full\"><img loading=\"lazy\" decoding=\"async\" width=\"150\" height=\"150\" src=\"https:\/\/www.brs-spareparts.com\/wp-content\/uploads\/2024\/03\/eu-1.png\" alt=\"\" class=\"wp-image-280\"\/><\/figure>\n<\/div>\n\n\n\n<div class=\"wp-block-column is-layout-flow wp-block-column-is-layout-flow\" style=\"flex-basis:66.66%\">\n<p>Em dezembro de 2019 pass\u00e1mos na inspe\u00e7\u00e3o para renova\u00e7\u00e3o da certifica\u00e7\u00e3o com a transi\u00e7\u00e3o da norma EN ISO 9001:2008 para a norma EN ISO 9001:2015 que atualiza o sistema de qualidade para a \u00faltima revis\u00e3o da norma de refer\u00eancia.<\/p>\n\n\n\n<p>Temos orgulho de dizer que<\/p>\n\n\n\n<p><strong>BRS HIGH FIDELITY SPARE PARTS SRL<\/strong><\/p>\n\n\n\n<p>\u00e9 uma empresa do nosso setor, <strong>Empresa \u00fanica na IT\u00c1LIA certificada EN ISO 9001: 2015! <\/strong>!<\/p>\n<\/div>\n<\/div>\n\n\n\n<p>Com esta Certifica\u00e7\u00e3o demonstramos o nosso compromisso em ativar processos de melhoria cont\u00ednua, o que representa uma mais-valia e uma vantagemcompetitivo para a pr\u00f3pria empresa em conformidade com as normas nacionais e internacionais,<\/p>\n\n\n\n<p>Com esta certifica\u00e7\u00e3o de acordo com a EN ISO 9001:2015 queremos confirmar isso de forma eficaz e nosso compromisso \u00e9 incisivo.<\/p>\n\n\n\n<p>A gest\u00e3o da qualidade \u00e9 uma disciplina que deve ser aplicada constantemente todos os dias para cumprir a nossa Miss\u00e3o:<\/p>\n\n\n\n<p>Satisfa\u00e7\u00e3o do cliente!<\/p>\n\n\n\n<p>Gostar\u00edamos de agradecer a todos os nossos clientes que depositaram em n\u00f3s a sua confian\u00e7a,  considerando-nos como fornecedor, obrigado Mesmo com a sua decis\u00e3o, podemos continuar a melhorar a nossa qualidade, a nossa investiga\u00e7\u00e3o e desenvolvimento e nossa produ\u00e7\u00e3o.<\/p>","protected":false},"excerpt":{"rendered":"<p>A Dicembre\u00a0 2019 abbiamo superato l\u2019ispezione per il rinnovo della certificazione con il passaggio dalla norma EN ISO 9001:2008 alla norma EN ISO 9001:2015 che aggiorna il sistema di qualit\u00e0 all\u2019ultima revisione della norma di riferimento. Siamo fieri di poter dire che BRS HIGH FIDELITY SPARE PARTS SRL \u00e8 una Societa&#8217; del nostro settore Unica [&hellip;]<\/p>","protected":false},"author":1,"featured_media":0,"parent":0,"menu_order":0,"comment_status":"closed","ping_status":"closed","template":"","meta":{"footnotes":""},"class_list":["post-219","page","type-page","status-publish","hentry"],"acf":[],"_links":{"self":[{"href":"https:\/\/www.brs-spareparts.com\/pt\/wp-json\/wp\/v2\/pages\/219","targetHints":{"allow":["GET"]}}],"collection":[{"href":"https:\/\/www.brs-spareparts.com\/pt\/wp-json\/wp\/v2\/pages"}],"about":[{"href":"https:\/\/www.brs-spareparts.com\/pt\/wp-json\/wp\/v2\/types\/page"}],"author":[{"embeddable":true,"href":"https:\/\/www.brs-spareparts.com\/pt\/wp-json\/wp\/v2\/users\/1"}],"replies":[{"embeddable":true,"href":"https:\/\/www.brs-spareparts.com\/pt\/wp-json\/wp\/v2\/comments?post=219"}],"version-history":[{"count":6,"href":"https:\/\/www.brs-spareparts.com\/pt\/wp-json\/wp\/v2\/pages\/219\/revisions"}],"predecessor-version":[{"id":281,"href":"https:\/\/www.brs-spareparts.com\/pt\/wp-json\/wp\/v2\/pages\/219\/revisions\/281"}],"wp:attachment":[{"href":"https:\/\/www.brs-spareparts.com\/pt\/wp-json\/wp\/v2\/media?parent=219"}],"curies":[{"name":"wp","href":"https:\/\/api.w.org\/{rel}","templated":true}]}}